{"id":1222,"date":"2023-12-04T16:46:42","date_gmt":"2023-12-04T15:46:42","guid":{"rendered":"https:\/\/www.kinesil.com\/kinesitherapie-respiratoire-bebe-agadir\/"},"modified":"2024-02-16T12:42:42","modified_gmt":"2024-02-16T11:42:42","slug":"physiotherapy-respiratory-baby-agadir","status":"publish","type":"page","link":"https:\/\/www.kinesil.com\/en\/physiotherapy-respiratory-baby-agadir\/","title":{"rendered":"Respiratory physiotherapy for babies"},"content":{"rendered":"\r\n<section class=\"module-intro\">\r\n            <h2 class=\"title\">\r\n            <span>Your baby&#8217;s health is our priority<\/span>\r\n        <\/h2>\r\n    \r\n            <div class=\"description\"><p>In <strong>pediatric physiotherapy<\/strong>, specific treatment methods are used to manage and treat the different <strong>disorders<\/strong> encountered in <strong>infants<\/strong>, which may differ from those observed in adults.<\/p>\n<\/div>\r\n    <\/section>\n\n\r\n\r\n\r\n<section class=\"module-2orientation\">\r\n    <figure class=\"\">\r\n                <picture>\r\n            <img\r\n                width=\"654\"\r\n                height=\"597\"\r\n                alt=\"kin\u00e9sith\u00e9rapie respiratoire b\u00e9b\u00e9\"\r\n                data-src=\"https:\/\/www.kinesil.com\/wp-content\/uploads\/2024\/02\/kinerespiratoire-bebe-agadir.jpg\"\r\n                decoding=\"async\"\r\n                draggable=\"false\"\r\n                class=\"lazyload\"\r\n            >\r\n        <\/picture>\r\n        \r\n        <figcaption class=\"with-bg\">\r\n\r\n                        <h2 class=\"title blanc\">\r\n                <span>What are the principles of respiratory physiotherapy for babies?<\/span>\r\n            <\/h2>\r\n            \r\n                        <div class=\"description small justify\"><p><strong>Respiratory physiotherapy<\/strong> is a recognized method covered by health insurance. It is prescribed by a doctor in the event of <strong>respiratory disorders<\/strong> in <strong>infants<\/strong>, particularly linked to pulmonary infections such as bronchiolitis, bronchitis or asthma.<\/p>\n<p>This approach mainly has three objectives:<\/p>\n<p>\u2022 Reduce the respiratory workload by clearing the airways to avoid exhaustion of the child.<br \/>\n\u2022 Initiate therapeutic education of parents and older children.<br \/>\n\u2022 Help monitor the child&#8217;s clinical progress.<\/p>\n<p>These objectives converge towards a common goal: to restore optimal quality of life for the baby.<\/p>\n<\/div>\r\n            \r\n                    <\/figcaption>\r\n    <\/figure>\r\n<\/section>\n\n\n<div style=\"height:30px\" aria-hidden=\"true\" class=\"wp-block-spacer\"><\/div>\n\n\n\r\n<section class=\"module-intro\">\r\n            <h3 class=\"title\">\r\n            <span>How does a respiratory physiotherapy session take place for babies?<\/span>\r\n        <\/h3>\r\n    \r\n            <div class=\"description\"><p>Careful assessment of the clinical situation is essential and should always precede any intervention. However, during a typical session, we generally observe three steps performed in the order dictated by the clinical picture:<\/p>\n<p>1- <strong>Unblocking the ENT sphere<\/strong>: To facilitate breathing, the physiotherapist may be required to treat the upper respiratory tract. This involves cleaning the child&#8217;s nose using physiological saline while keeping their mouth closed at the end of exhalation or inhalation, depending on the desired effect (blowing or sniffing).<\/p>\n<p>2- <strong>Unblocking the bronchi<\/strong>: The physiotherapist performs thoracic maneuvers aimed at modifying respiratory flow rates in order to facilitate the expectoration of bronchial secretions or to improve pulmonary ventilation.<\/p>\n<p>3- <strong>Cough stimulation<\/strong>: Not systematic, this step aims to encourage the expectoration of secretions by optimizing the energy cost\/effectiveness ratio for the child.<\/p>\n<p>The duration of a session varies depending on the child&#8217;s tolerance and respiratory state, but it generally lasts around thirty minutes.<\/p>\n<\/div>\r\n    <\/section>\n\n\n<div style=\"height:68px\" aria-hidden=\"true\" class=\"wp-block-spacer\"><\/div>\n","protected":false},"excerpt":{"rendered":"","protected":false},"author":1,"featured_media":0,"parent":0,"menu_order":15,"comment_status":"closed","ping_status":"closed","template":"","meta":{"inline_featured_image":false,"footnotes":""},"class_list":["post-1222","page","type-page","status-publish","hentry","entry"],"acf":[],"yoast_head":"<!-- This site is optimized with the Yoast SEO plugin v27.6 - https:\/\/yoast.com\/product\/yoast-seo-wordpress\/ -->\n<title>Respiratory physiotherapy for babies in Agadir<\/title>\n<meta name=\"description\" content=\"Respiratory physiotherapy is a recognized method. It is prescribed by a doctor in the event of respiratory problems in infants.\" \/>\n<meta name=\"robots\" content=\"index, follow, max-snippet:-1, max-image-preview:large, max-video-preview:-1\" \/>\n<link rel=\"canonical\" href=\"https:\/\/www.kinesil.com\/en\/physiotherapy-respiratory-baby-agadir\/\" \/>\n<meta property=\"og:locale\" content=\"en_US\" \/>\n<meta property=\"og:type\" content=\"article\" \/>\n<meta property=\"og:title\" content=\"Respiratory physiotherapy for babies in Agadir\" \/>\n<meta property=\"og:description\" content=\"Respiratory physiotherapy is a recognized method. It is prescribed by a doctor in the event of respiratory problems in infants.\" \/>\n<meta property=\"og:url\" content=\"https:\/\/www.kinesil.com\/en\/physiotherapy-respiratory-baby-agadir\/\" \/>\n<meta property=\"og:site_name\" content=\"kinesil\" \/>\n<meta property=\"article:modified_time\" content=\"2024-02-16T11:42:42+00:00\" \/>\n<meta name=\"twitter:card\" content=\"summary_large_image\" \/>\n<script type=\"application\/ld+json\" class=\"yoast-schema-graph\">{\"@context\":\"https:\\\/\\\/schema.org\",\"@graph\":[{\"@type\":\"WebPage\",\"@id\":\"https:\\\/\\\/www.kinesil.com\\\/en\\\/physiotherapy-respiratory-baby-agadir\\\/\",\"url\":\"https:\\\/\\\/www.kinesil.com\\\/en\\\/physiotherapy-respiratory-baby-agadir\\\/\",\"name\":\"Respiratory physiotherapy for babies in Agadir\",\"isPartOf\":{\"@id\":\"https:\\\/\\\/www.kinesil.com\\\/en\\\/#website\"},\"datePublished\":\"2023-12-04T15:46:42+00:00\",\"dateModified\":\"2024-02-16T11:42:42+00:00\",\"description\":\"Respiratory physiotherapy is a recognized method. It is prescribed by a doctor in the event of respiratory problems in infants.\",\"breadcrumb\":{\"@id\":\"https:\\\/\\\/www.kinesil.com\\\/en\\\/physiotherapy-respiratory-baby-agadir\\\/#breadcrumb\"},\"inLanguage\":\"en-US\",\"potentialAction\":[{\"@type\":\"ReadAction\",\"target\":[\"https:\\\/\\\/www.kinesil.com\\\/en\\\/physiotherapy-respiratory-baby-agadir\\\/\"]}]},{\"@type\":\"BreadcrumbList\",\"@id\":\"https:\\\/\\\/www.kinesil.com\\\/en\\\/physiotherapy-respiratory-baby-agadir\\\/#breadcrumb\",\"itemListElement\":[{\"@type\":\"ListItem\",\"position\":1,\"name\":\"Home\",\"item\":\"https:\\\/\\\/www.kinesil.com\\\/en\\\/\"},{\"@type\":\"ListItem\",\"position\":2,\"name\":\"Respiratory physiotherapy for babies\"}]},{\"@type\":\"WebSite\",\"@id\":\"https:\\\/\\\/www.kinesil.com\\\/en\\\/#website\",\"url\":\"https:\\\/\\\/www.kinesil.com\\\/en\\\/\",\"name\":\"kinesil\",\"description\":\"\",\"potentialAction\":[{\"@type\":\"SearchAction\",\"target\":{\"@type\":\"EntryPoint\",\"urlTemplate\":\"https:\\\/\\\/www.kinesil.com\\\/en\\\/?s={search_term_string}\"},\"query-input\":{\"@type\":\"PropertyValueSpecification\",\"valueRequired\":true,\"valueName\":\"search_term_string\"}}],\"inLanguage\":\"en-US\"}]}<\/script>\n<!-- \/ Yoast SEO plugin. -->","yoast_head_json":{"title":"Respiratory physiotherapy for babies in Agadir","description":"Respiratory physiotherapy is a recognized method. It is prescribed by a doctor in the event of respiratory problems in infants.","robots":{"index":"index","follow":"follow","max-snippet":"max-snippet:-1","max-image-preview":"max-image-preview:large","max-video-preview":"max-video-preview:-1"},"canonical":"https:\/\/www.kinesil.com\/en\/physiotherapy-respiratory-baby-agadir\/","og_locale":"en_US","og_type":"article","og_title":"Respiratory physiotherapy for babies in Agadir","og_description":"Respiratory physiotherapy is a recognized method. It is prescribed by a doctor in the event of respiratory problems in infants.","og_url":"https:\/\/www.kinesil.com\/en\/physiotherapy-respiratory-baby-agadir\/","og_site_name":"kinesil","article_modified_time":"2024-02-16T11:42:42+00:00","twitter_card":"summary_large_image","schema":{"@context":"https:\/\/schema.org","@graph":[{"@type":"WebPage","@id":"https:\/\/www.kinesil.com\/en\/physiotherapy-respiratory-baby-agadir\/","url":"https:\/\/www.kinesil.com\/en\/physiotherapy-respiratory-baby-agadir\/","name":"Respiratory physiotherapy for babies in Agadir","isPartOf":{"@id":"https:\/\/www.kinesil.com\/en\/#website"},"datePublished":"2023-12-04T15:46:42+00:00","dateModified":"2024-02-16T11:42:42+00:00","description":"Respiratory physiotherapy is a recognized method. It is prescribed by a doctor in the event of respiratory problems in infants.","breadcrumb":{"@id":"https:\/\/www.kinesil.com\/en\/physiotherapy-respiratory-baby-agadir\/#breadcrumb"},"inLanguage":"en-US","potentialAction":[{"@type":"ReadAction","target":["https:\/\/www.kinesil.com\/en\/physiotherapy-respiratory-baby-agadir\/"]}]},{"@type":"BreadcrumbList","@id":"https:\/\/www.kinesil.com\/en\/physiotherapy-respiratory-baby-agadir\/#breadcrumb","itemListElement":[{"@type":"ListItem","position":1,"name":"Home","item":"https:\/\/www.kinesil.com\/en\/"},{"@type":"ListItem","position":2,"name":"Respiratory physiotherapy for babies"}]},{"@type":"WebSite","@id":"https:\/\/www.kinesil.com\/en\/#website","url":"https:\/\/www.kinesil.com\/en\/","name":"kinesil","description":"","potentialAction":[{"@type":"SearchAction","target":{"@type":"EntryPoint","urlTemplate":"https:\/\/www.kinesil.com\/en\/?s={search_term_string}"},"query-input":{"@type":"PropertyValueSpecification","valueRequired":true,"valueName":"search_term_string"}}],"inLanguage":"en-US"}]}},"_links":{"self":[{"href":"https:\/\/www.kinesil.com\/en\/wp-json\/wp\/v2\/pages\/1222","targetHints":{"allow":["GET"]}}],"collection":[{"href":"https:\/\/www.kinesil.com\/en\/wp-json\/wp\/v2\/pages"}],"about":[{"href":"https:\/\/www.kinesil.com\/en\/wp-json\/wp\/v2\/types\/page"}],"author":[{"embeddable":true,"href":"https:\/\/www.kinesil.com\/en\/wp-json\/wp\/v2\/users\/1"}],"replies":[{"embeddable":true,"href":"https:\/\/www.kinesil.com\/en\/wp-json\/wp\/v2\/comments?post=1222"}],"version-history":[{"count":11,"href":"https:\/\/www.kinesil.com\/en\/wp-json\/wp\/v2\/pages\/1222\/revisions"}],"predecessor-version":[{"id":1234,"href":"https:\/\/www.kinesil.com\/en\/wp-json\/wp\/v2\/pages\/1222\/revisions\/1234"}],"wp:attachment":[{"href":"https:\/\/www.kinesil.com\/en\/wp-json\/wp\/v2\/media?parent=1222"}],"curies":[{"name":"wp","href":"https:\/\/api.w.org\/{rel}","templated":true}]}}