{"id":1273,"date":"2024-01-05T15:42:28","date_gmt":"2024-01-05T14:42:28","guid":{"rendered":"https:\/\/www.kinesil.com\/kine-a-domicile-agadir\/"},"modified":"2024-02-16T13:48:39","modified_gmt":"2024-02-16T12:48:39","slug":"physiotherapy-at-home-agadir","status":"publish","type":"page","link":"https:\/\/www.kinesil.com\/en\/physiotherapy-at-home-agadir\/","title":{"rendered":"Physiotherapist at home"},"content":{"rendered":"\r\n<section class=\"module-intro\">\r\n            <h2 class=\"title\">\r\n            <span>Physiotherapy treatment at home<\/span>\r\n        <\/h2>\r\n    \r\n            <div class=\"description\"><p>We are aware that for many people, going to a <strong>physiotherapy<\/strong> center can be difficult, or even impossible, due to their state of health. This is why we are happy to offer <strong>home physiotherapy sessions<\/strong> to meet the needs of our patients requiring care, while enjoying the comfort of their home.<\/p>\n<\/div>\r\n    <\/section>\n\n\r\n\r\n\r\n<section class=\"module-2orientation\">\r\n    <figure class=\"\">\r\n                <picture>\r\n            <img\r\n                width=\"654\"\r\n                height=\"597\"\r\n                alt=\"kin\u00e9sith\u00e9rapie \u00e0 domicile\"\r\n                data-src=\"https:\/\/www.kinesil.com\/wp-content\/uploads\/2024\/02\/kine-a-domicile.jpg\"\r\n                decoding=\"async\"\r\n                draggable=\"false\"\r\n                class=\"lazyload\"\r\n            >\r\n        <\/picture>\r\n        \r\n        <figcaption class=\"with-bg\">\r\n\r\n                        <h2 class=\"title rose\">\r\n                <span>Physiotherapy at home: personalized care, your well-being our priority<\/span>\r\n            <\/h2>\r\n            \r\n                        <div class=\"description small justify\"><p>At Kin\u00e9Sil, our team of qualified and experienced physiotherapists is dedicated to providing quality <strong>physiotherapy care<\/strong> directly to patients&#8217; homes. Based on our experience, we understand that traveling to a physiotherapy center can be a challenge for many people, particularly due to their state of health. This is why we are proud to offer in-home care, ensuring convenient and comfortable access to our services.<\/p>\n<p>By working closely with patients and their families, we are committed to developing personalized treatment plans that precisely meet their individual needs. Each treatment program is designed after a thorough assessment of the patient&#8217;s state of health, as well as a careful analysis of their specific physiotherapy needs. This tailor-made approach allows us to guarantee adapted and effective treatment, aimed at <strong>improving the patient&#8217;s mobility, strength, balance and flexibility<\/strong>.<\/p>\n<p>Our physical therapists are trained to treat a variety of conditions and needs, ranging from post-operative rehabilitation to chronic pain management. Using appropriate techniques and exercises, we aim to help patients regain their well-being and quality of life, while relieving pain and discomfort. At <strong>Kin\u00e9Sil<\/strong>, our priority is to provide superior quality care, where comfort and <strong>patient satisfaction<\/strong> are at the heart of our approach.<\/p>\n<\/div>\r\n            \r\n                    <\/figcaption>\r\n    <\/figure>\r\n<\/section>\n\n\n<div style=\"height:70px\" aria-hidden=\"true\" class=\"wp-block-spacer\"><\/div>\n","protected":false},"excerpt":{"rendered":"","protected":false},"author":1,"featured_media":0,"parent":0,"menu_order":26,"comment_status":"closed","ping_status":"closed","template":"","meta":{"inline_featured_image":false,"footnotes":""},"class_list":["post-1273","page","type-page","status-publish","hentry","entry"],"acf":[],"yoast_head":"<!-- This site is optimized with the Yoast SEO plugin v27.5 - https:\/\/yoast.com\/product\/yoast-seo-wordpress\/ -->\n<title>Physiotherapy at home in Agadir by appointment<\/title>\n<meta name=\"description\" content=\"We are happy to offer at-home physiotherapy sessions to meet the needs of our patients requiring care,\" \/>\n<meta name=\"robots\" content=\"index, follow, max-snippet:-1, max-image-preview:large, max-video-preview:-1\" \/>\n<link rel=\"canonical\" href=\"https:\/\/www.kinesil.com\/en\/physiotherapy-at-home-agadir\/\" \/>\n<meta property=\"og:locale\" content=\"en_US\" \/>\n<meta property=\"og:type\" content=\"article\" \/>\n<meta property=\"og:title\" content=\"Physiotherapy at home in Agadir by appointment\" \/>\n<meta property=\"og:description\" content=\"We are happy to offer at-home physiotherapy sessions to meet the needs of our patients requiring care,\" \/>\n<meta property=\"og:url\" content=\"https:\/\/www.kinesil.com\/en\/physiotherapy-at-home-agadir\/\" \/>\n<meta property=\"og:site_name\" content=\"kinesil\" \/>\n<meta property=\"article:modified_time\" content=\"2024-02-16T12:48:39+00:00\" \/>\n<meta name=\"twitter:card\" content=\"summary_large_image\" \/>\n<script type=\"application\/ld+json\" class=\"yoast-schema-graph\">{\"@context\":\"https:\\\/\\\/schema.org\",\"@graph\":[{\"@type\":\"WebPage\",\"@id\":\"https:\\\/\\\/www.kinesil.com\\\/en\\\/physiotherapy-at-home-agadir\\\/\",\"url\":\"https:\\\/\\\/www.kinesil.com\\\/en\\\/physiotherapy-at-home-agadir\\\/\",\"name\":\"Physiotherapy at home in Agadir by appointment\",\"isPartOf\":{\"@id\":\"https:\\\/\\\/www.kinesil.com\\\/en\\\/#website\"},\"datePublished\":\"2024-01-05T14:42:28+00:00\",\"dateModified\":\"2024-02-16T12:48:39+00:00\",\"description\":\"We are happy to offer at-home physiotherapy sessions to meet the needs of our patients requiring care,\",\"breadcrumb\":{\"@id\":\"https:\\\/\\\/www.kinesil.com\\\/en\\\/physiotherapy-at-home-agadir\\\/#breadcrumb\"},\"inLanguage\":\"en-US\",\"potentialAction\":[{\"@type\":\"ReadAction\",\"target\":[\"https:\\\/\\\/www.kinesil.com\\\/en\\\/physiotherapy-at-home-agadir\\\/\"]}]},{\"@type\":\"BreadcrumbList\",\"@id\":\"https:\\\/\\\/www.kinesil.com\\\/en\\\/physiotherapy-at-home-agadir\\\/#breadcrumb\",\"itemListElement\":[{\"@type\":\"ListItem\",\"position\":1,\"name\":\"Home\",\"item\":\"https:\\\/\\\/www.kinesil.com\\\/en\\\/\"},{\"@type\":\"ListItem\",\"position\":2,\"name\":\"Physiotherapist at home\"}]},{\"@type\":\"WebSite\",\"@id\":\"https:\\\/\\\/www.kinesil.com\\\/en\\\/#website\",\"url\":\"https:\\\/\\\/www.kinesil.com\\\/en\\\/\",\"name\":\"kinesil\",\"description\":\"\",\"potentialAction\":[{\"@type\":\"SearchAction\",\"target\":{\"@type\":\"EntryPoint\",\"urlTemplate\":\"https:\\\/\\\/www.kinesil.com\\\/en\\\/?s={search_term_string}\"},\"query-input\":{\"@type\":\"PropertyValueSpecification\",\"valueRequired\":true,\"valueName\":\"search_term_string\"}}],\"inLanguage\":\"en-US\"}]}<\/script>\n<!-- \/ Yoast SEO plugin. -->","yoast_head_json":{"title":"Physiotherapy at home in Agadir by appointment","description":"We are happy to offer at-home physiotherapy sessions to meet the needs of our patients requiring care,","robots":{"index":"index","follow":"follow","max-snippet":"max-snippet:-1","max-image-preview":"max-image-preview:large","max-video-preview":"max-video-preview:-1"},"canonical":"https:\/\/www.kinesil.com\/en\/physiotherapy-at-home-agadir\/","og_locale":"en_US","og_type":"article","og_title":"Physiotherapy at home in Agadir by appointment","og_description":"We are happy to offer at-home physiotherapy sessions to meet the needs of our patients requiring care,","og_url":"https:\/\/www.kinesil.com\/en\/physiotherapy-at-home-agadir\/","og_site_name":"kinesil","article_modified_time":"2024-02-16T12:48:39+00:00","twitter_card":"summary_large_image","schema":{"@context":"https:\/\/schema.org","@graph":[{"@type":"WebPage","@id":"https:\/\/www.kinesil.com\/en\/physiotherapy-at-home-agadir\/","url":"https:\/\/www.kinesil.com\/en\/physiotherapy-at-home-agadir\/","name":"Physiotherapy at home in Agadir by appointment","isPartOf":{"@id":"https:\/\/www.kinesil.com\/en\/#website"},"datePublished":"2024-01-05T14:42:28+00:00","dateModified":"2024-02-16T12:48:39+00:00","description":"We are happy to offer at-home physiotherapy sessions to meet the needs of our patients requiring care,","breadcrumb":{"@id":"https:\/\/www.kinesil.com\/en\/physiotherapy-at-home-agadir\/#breadcrumb"},"inLanguage":"en-US","potentialAction":[{"@type":"ReadAction","target":["https:\/\/www.kinesil.com\/en\/physiotherapy-at-home-agadir\/"]}]},{"@type":"BreadcrumbList","@id":"https:\/\/www.kinesil.com\/en\/physiotherapy-at-home-agadir\/#breadcrumb","itemListElement":[{"@type":"ListItem","position":1,"name":"Home","item":"https:\/\/www.kinesil.com\/en\/"},{"@type":"ListItem","position":2,"name":"Physiotherapist at home"}]},{"@type":"WebSite","@id":"https:\/\/www.kinesil.com\/en\/#website","url":"https:\/\/www.kinesil.com\/en\/","name":"kinesil","description":"","potentialAction":[{"@type":"SearchAction","target":{"@type":"EntryPoint","urlTemplate":"https:\/\/www.kinesil.com\/en\/?s={search_term_string}"},"query-input":{"@type":"PropertyValueSpecification","valueRequired":true,"valueName":"search_term_string"}}],"inLanguage":"en-US"}]}},"_links":{"self":[{"href":"https:\/\/www.kinesil.com\/en\/wp-json\/wp\/v2\/pages\/1273","targetHints":{"allow":["GET"]}}],"collection":[{"href":"https:\/\/www.kinesil.com\/en\/wp-json\/wp\/v2\/pages"}],"about":[{"href":"https:\/\/www.kinesil.com\/en\/wp-json\/wp\/v2\/types\/page"}],"author":[{"embeddable":true,"href":"https:\/\/www.kinesil.com\/en\/wp-json\/wp\/v2\/users\/1"}],"replies":[{"embeddable":true,"href":"https:\/\/www.kinesil.com\/en\/wp-json\/wp\/v2\/comments?post=1273"}],"version-history":[{"count":5,"href":"https:\/\/www.kinesil.com\/en\/wp-json\/wp\/v2\/pages\/1273\/revisions"}],"predecessor-version":[{"id":1279,"href":"https:\/\/www.kinesil.com\/en\/wp-json\/wp\/v2\/pages\/1273\/revisions\/1279"}],"wp:attachment":[{"href":"https:\/\/www.kinesil.com\/en\/wp-json\/wp\/v2\/media?parent=1273"}],"curies":[{"name":"wp","href":"https:\/\/api.w.org\/{rel}","templated":true}]}}